{"id":3,"date":"2022-11-11T11:44:46","date_gmt":"2022-11-11T11:44:46","guid":{"rendered":"http:\/\/s911845535.mialojamiento.es\/?page_id=3"},"modified":"2023-01-03T10:50:27","modified_gmt":"2023-01-03T10:50:27","slug":"politica-de-privacidad","status":"publish","type":"page","link":"https:\/\/hardcore-fermat.82-223-43-234.plesk.page\/en\/politica-de-privacidad\/","title":{"rendered":"Privacy Policy"},"content":{"rendered":"<p>CAFETER\u00cdA OLIMPIA, as the owner of the website that you visit, exposes in this section the Privacy Policy in use, and about the personal information that the user can provide when visiting or browsing the website of our ownership.<\/p>\n\n\n\n<p>In the processing of personal data,\u00a0\u00a0<strong>CAFETER\u00cdA OLIMPIA \u00a0<\/strong>guarantees compliance with Organic Law 15\/1999, of December 13, Protection of Personal Data and its development regulations, Royal Decree 1720\/2007, of December 21, which approves its Regulations, as well as LSSICE 34\/2002, of July 11, on the Information Society and Electronic Commerce. Therefore, it informs all users that the data sent or supplied through this letter will be incorporated into an automated file duly registered with the Spanish Agency for Data Protection, in which the person responsible for said file is:\u00a0<strong>\u00a0<\/strong>CAFETER\u00cdA OLIMPIA <\/p>\n\n\n\n<p>CAFETER\u00cdA OLIMPIA reserves the right to modify this Data Protection Policy at any time, in order to adapt it to new legislation or changes in its activities, the one published on our website being valid at any time.<\/p>\n\n\n\n<ol class=\"wp-block-list\" type=\"1\">\n<li><strong>QUALITY AND PURPOSE<\/strong><\/li>\n<\/ol>\n\n\n\n<p>By clicking on the \"Send\" button (or equivalent) incorporated into our forms, the user declares that the information and data provided in them are accurate and true. So that the information provided is always updated and does not contain errors, the User must communicate, as soon as possible, the modifications of their personal data that occur, as well as the rectification of erroneous data in case any are detected.&nbsp;<strong>The User guarantees that the data provided is true, exact, complete and up-to-date, being responsible for any direct or indirect damage or loss that may be caused as a result of breach of such obligation.<\/strong>&nbsp;<strong>En funci\u00f3n del formulario o secci\u00f3n a la que accedas, y seg\u00fan la informaci\u00f3n que nos facilite, esta se utilizar\u00e1 para las finalidades descritas a continuaci\u00f3n,&nbsp;por lo que aceptas expresamente y de forma libre e inequ\u00edvocamente el tratamiento de sus datos con acuerdo a las siguientes finalidades:<\/strong><\/p>\n\n\n\n<ol class=\"wp-block-list\" type=\"1\">\n<li>Those that are particularly indicated in each of the pages or sections where the registration form or electronic contact appears.<\/li>\n\n\n\n<li>In general, to attend to your requests, comments, queries or any type of request that is made by the user through any of the contact forms that we make available to our users.<\/li>\n\n\n\n<li>To inform you about queries, requests, activities, products, news and\/or services; via e-mail, fax, Whatsapp, Skipe, telephone number provided, sms, mms, and in the same way to send you commercial or advertising communications through any other electronic or physical means that make it possible to carry out communications. These communications will always be related to our products, services, news or promotions, as well as those products or services that we may consider of interest to you and that may be offered by collaborators, companies or \"partners\" with whom we have promotion or commercial collaboration agreements. If so, we guarantee that these third parties will never have access to your personal data, with the exceptions reflected in the present, these communications being in any case made by CAFETER\u00cdA OLIMPIA.<\/li>\n\n\n\n<li>Prepare market profiles for advertising or statistical purposes.<\/li>\n\n\n\n<li>By clicking on the \"Buy Now\" button, CAFETER\u00cdA OLIMPIA will redirect you to the page where the products that we show the user on our website are offered. CAFETER\u00cdA OLIMPIA only provides and provides the user with links to the pages and\/or platforms of these third parties where the products we display can be purchased, in order to facilitate the search and easy acquisition of the same by the user, but in no case are these Linked pages belonging to third parties have been reviewed and are not subject to control or recommendation by CAFETER\u00cdA OLIMPIA, so in no case\u00a0<strong>CAFETER\u00cdA OLIMPIA \u00a0<\/strong>will be considered responsible for the contents of these websites, for the responsibilities derived from their use in all areas, nor for the measures that are adopted regarding the privacy of the user, treatment of their personal data or others that may be established.<\/li>\n<\/ol>\n\n\n\n<p><strong>For all these reasons, CAFETER\u00cdA OLIMPIA recommends the user to read carefully and in advance all the conditions of use, purchase conditions, privacy policies, legal notices and\/or similar of these linked sites before proceeding with the acquisition of these products or use. from the web<\/strong><\/p>\n\n\n\n<ul class=\"wp-block-list\">\n<li><strong>ACCESS TO DATA ON ACCOUNT OF THIRD PARTIES<\/strong><\/li>\n<\/ul>\n\n\n\n<p><strong>CAFETER\u00cdA OLIMPIA \u00a0<\/strong>You may hire third parties to perform functions on your behalf in relation to the purposes for which your personal data may be collected, such as analyzing the information provided, hosting websites or similar having access to the personal information necessary to the performance of their functions, although they may not use said information for any other purpose, regulating our relations with such third parties in order to comply with the applicable regulations on the protection of personal data.<\/p>\n\n\n\n<p>Our Web Site uses advertising servers in order to facilitate commercial content that the user views on our pages. Said advertising servers use cookies that allow you to adapt the advertising content to the demographic profiles of the users:<\/p>\n\n\n\n<p><strong>Google Analytics:<\/strong><\/p>\n\n\n\n<p>Google Analytics is a web analytics service provided by Google, Inc., a Delaware company headquartered at 1600 Amphitheater Parkway, Mountain View (California), CA 94043, United States (\u201cGoogle\u201d). Google Analytics uses \"cookies\", which are text files located on your computer, to help the website analyze how users use the website. The information generated by the cookie about your use of the website (including your IP address) will be directly transmitted and archived by Google. Google will use this information on our behalf for the purpose of tracking your use of the website, compiling reports on website activity and providing other services related to website activity and Internet usage. Google may transmit said information to third parties when required by law, or when said third parties process the information on Google's behalf. Google will not associate your IP address with any other data held by Google. You can refuse the processing of data or information by rejecting the use of cookies by selecting the appropriate settings on your browser, however, you should know that if you do so you may not be able to use the full functionality of this website.&nbsp;<strong>By using this website, you consent to the processing of data by Google in the manner and for the purposes indicated.&nbsp;<\/strong>Users can access the content network's privacy policy at&nbsp;&nbsp;<a href=\"https:\/\/www.google.com\/intl\/es\/policies\/privacy\/\" target=\"_blank\" rel=\"noreferrer noopener\">https:\/\/www.google.com\/intl\/es\/policies\/privacy\/<\/a>.<\/p>\n\n\n\n<p><strong>Google Adsense:<\/strong><\/p>\n\n\n\n<p class=\"has-link-color wp-elements-60685533eea7ba41447b00aa846efbdc\">Google, as a partner provider, uses cookies to serve ads on this website. Users can disable the use of the DART cookie through the Google ad and by accessing the privacy policy of the content network&nbsp;<a href=\"https:\/\/www.google.com\/intl\/es\/policies\/privacy\/\" target=\"_blank\" rel=\"noreferrer noopener\">https:\/\/www.google.com\/intl\/es\/policies\/privacy\/<\/a>&nbsp;.Google uses advertising partners to serve ads when you visit our website. These companies may use the information they obtain from your visits to this and other websites (not including your name, address, email address, or telephone number) to serve you advertisements about products and services of interest to you.&nbsp;&nbsp;<strong>By using this website, you consent to the processing of data by Google in the manner and for the purposes indicated.<\/strong><\/p>\n\n\n\n<p><strong>If you want more information about the use of cookies and the information collection practices and the procedures for acceptance or rejection by the user, consult our:&nbsp;<u>COOKIES POLICY<\/u>.<\/strong><\/p>\n\n\n\n<ul class=\"wp-block-list\">\n<li><strong>THIRD PARTY DATA<\/strong><\/li>\n<\/ul>\n\n\n\n<p>In the event that you provide us with personal data of third parties, in compliance with the provisions of article 5.4. LOPD,\u00a0<strong>declares to have informed said persons\u00a0<u>previously<\/u>, the content of the data provided, their origin, the existence and purpose of the file where your data is contained, the recipients of said information, the possibility of exercising the rights of access, rectification, cancellation or opposition , as well as the identification data of CAFETER\u00cdA OLIMPIA . In this sense, it is your sole responsibility to inform third parties whose data you are going to transfer to us of such circumstance, not assuming\u00a0<\/strong>CAFETER\u00cdA OLIMPIA <strong>\u00a0no responsibility for the breach of this precept by the user.<\/strong><\/p>\n\n\n\n<ul class=\"wp-block-list\">\n<li><strong>EXERCISE OF RIGHTS<\/strong><\/li>\n<\/ul>\n\n\n\n<p>The owner of the data may exercise their rights of access, rectification, cancellation and opposition by contacting CAFETER\u00cdA OLIMPIA Said request must contain the following information: name and surname, address for the purpose of notifications, photocopy of ID I or Passport.<\/p>\n\n\n\n<ul class=\"wp-block-list\">\n<li><strong>SECURITY MEASURES<\/strong><\/li>\n<\/ul>\n\n\n\n<p><strong>CAFETER\u00cdA OLIMPIA <\/strong>has adopted all the necessary technical and organizational measures to guarantee the security and integrity of the personal data it processes, as well as to prevent its loss, alteration and\/or access by unauthorized third parties.\u00a0<strong>Notwithstanding the foregoing, the user acknowledges and accepts that Internet security measures are not impregnable.<\/strong><\/p>","protected":false},"excerpt":{"rendered":"<p>CAFETER\u00cdA OLIMPIA como titular del sitio web que Usted visita, expone en este apartado la Pol\u00edtica de Privacidad en el uso, y sobre la informaci\u00f3n de car\u00e1cter personal que el usuario puede facilitar cuando visite o navegue por la p\u00e1gina web de nuestra titularidad. En el tratamiento de datos de car\u00e1cter personal,\u00a0\u00a0CAFETER\u00cdA OLIMPIA \u00a0garantiza el &hellip;<\/p>\n<p class=\"read-more\"> <a class=\"\" href=\"https:\/\/hardcore-fermat.82-223-43-234.plesk.page\/en\/politica-de-privacidad\/\"> <span class=\"screen-reader-text\">Privacy Policy<\/span> Read More &raquo;<\/a><\/p>","protected":false},"author":1,"featured_media":0,"parent":0,"menu_order":0,"comment_status":"closed","ping_status":"closed","template":"","meta":{"site-sidebar-layout":"default","site-content-layout":"default","ast-global-header-display":"","ast-main-header-display":"","ast-hfb-above-header-display":"","ast-hfb-below-header-display":"","ast-hfb-mobile-header-display":"","site-post-title":"","ast-breadcrumbs-content":"","ast-featured-img":"","footer-sml-layout":"","theme-transparent-header-meta":"","adv-header-id-meta":"","stick-header-meta":"","header-above-stick-meta":"","header-main-stick-meta":"","header-below-stick-meta":"","footnotes":""},"class_list":["post-3","page","type-page","status-publish","hentry"],"_links":{"self":[{"href":"https:\/\/hardcore-fermat.82-223-43-234.plesk.page\/en\/wp-json\/wp\/v2\/pages\/3","targetHints":{"allow":["GET"]}}],"collection":[{"href":"https:\/\/hardcore-fermat.82-223-43-234.plesk.page\/en\/wp-json\/wp\/v2\/pages"}],"about":[{"href":"https:\/\/hardcore-fermat.82-223-43-234.plesk.page\/en\/wp-json\/wp\/v2\/types\/page"}],"author":[{"embeddable":true,"href":"https:\/\/hardcore-fermat.82-223-43-234.plesk.page\/en\/wp-json\/wp\/v2\/users\/1"}],"replies":[{"embeddable":true,"href":"https:\/\/hardcore-fermat.82-223-43-234.plesk.page\/en\/wp-json\/wp\/v2\/comments?post=3"}],"version-history":[{"count":0,"href":"https:\/\/hardcore-fermat.82-223-43-234.plesk.page\/en\/wp-json\/wp\/v2\/pages\/3\/revisions"}],"wp:attachment":[{"href":"https:\/\/hardcore-fermat.82-223-43-234.plesk.page\/en\/wp-json\/wp\/v2\/media?parent=3"}],"curies":[{"name":"wp","href":"https:\/\/api.w.org\/{rel}","templated":true}]}}